{"id":2,"date":"2024-12-16T10:11:24","date_gmt":"2024-12-16T10:11:24","guid":{"rendered":"https:\/\/festivals.bruitsdelangues.fr\/?page_id=2"},"modified":"2024-12-20T13:48:08","modified_gmt":"2024-12-20T13:48:08","slug":"sample-page","status":"publish","type":"page","link":"https:\/\/festivals.bruitsdelangues.fr\/index.php\/sample-page\/","title":{"rendered":"A propos"},"content":{"rendered":"\n<p><br><p>Nous sommes quatre \u00e9tudiant.e.s en premi\u00e8re ann\u00e9e de Master Livres et m\u00e9diations \u00e0 l&rsquo;universit\u00e9 de Poitiers et nous avons choisi de pr\u00e9senter les festivals auxquels les \u00e9tudiant.e.s de notre promotion ont assist\u00e9, que ce soit en tant que b\u00e9n\u00e9voles ou simples visiteurs. Vous retrouverez sur notre site de courtes pr\u00e9sentations de chaque festival ainsi que des t\u00e9moignages des \u00e9tudiant.e.s sur leur exp\u00e9rience, leur v\u00e9cu et leur ressenti pour chaque \u00e9v\u00e8nement.<\/p><br><p><strong>Cr\u00e9dits<\/strong><\/p><br><p>Toutes les affiches proviennent des sites des festivals pr\u00e9sent\u00e9s, vous trouverez les liens dans les articles les concernant.\u00a0<\/p><br>La carte de France m\u00e9tropolitaine \u00e0 \u00e9t\u00e9 cr\u00e9\u00e9e par Rom Guig, post\u00e9e sur Wikim\u00e9dia sous licence creative commons.<\/p>\n","protected":false},"excerpt":{"rendered":"<p>Nous sommes quatre \u00e9tudiant.e.s en premi\u00e8re ann\u00e9e de Master Livres et m\u00e9diations \u00e0 l&rsquo;universit\u00e9 de Poitiers et nous avons choisi&#8230;<\/p>\n","protected":false},"author":1,"featured_media":0,"parent":0,"menu_order":0,"comment_status":"closed","ping_status":"open","template":"","meta":{"footnotes":""},"class_list":["post-2","page","type-page","status-publish","hentry","post-archive"],"_links":{"self":[{"href":"https:\/\/festivals.bruitsdelangues.fr\/index.php\/wp-json\/wp\/v2\/pages\/2","targetHints":{"allow":["GET"]}}],"collection":[{"href":"https:\/\/festivals.bruitsdelangues.fr\/index.php\/wp-json\/wp\/v2\/pages"}],"about":[{"href":"https:\/\/festivals.bruitsdelangues.fr\/index.php\/wp-json\/wp\/v2\/types\/page"}],"author":[{"embeddable":true,"href":"https:\/\/festivals.bruitsdelangues.fr\/index.php\/wp-json\/wp\/v2\/users\/1"}],"replies":[{"embeddable":true,"href":"https:\/\/festivals.bruitsdelangues.fr\/index.php\/wp-json\/wp\/v2\/comments?post=2"}],"version-history":[{"count":6,"href":"https:\/\/festivals.bruitsdelangues.fr\/index.php\/wp-json\/wp\/v2\/pages\/2\/revisions"}],"predecessor-version":[{"id":255,"href":"https:\/\/festivals.bruitsdelangues.fr\/index.php\/wp-json\/wp\/v2\/pages\/2\/revisions\/255"}],"wp:attachment":[{"href":"https:\/\/festivals.bruitsdelangues.fr\/index.php\/wp-json\/wp\/v2\/media?parent=2"}],"curies":[{"name":"wp","href":"https:\/\/api.w.org\/{rel}","templated":true}]}}